{"id":20,"date":"2025-08-28T03:13:21","date_gmt":"2025-08-28T03:13:21","guid":{"rendered":"https:\/\/iglesiatodoslossantos.org\/en\/?page_id=20"},"modified":"2025-08-28T03:13:22","modified_gmt":"2025-08-28T03:13:22","slug":"mission-committee","status":"publish","type":"page","link":"https:\/\/iglesiatodoslossantos.org\/en\/mission-committee\/","title":{"rendered":"Mission Committee"},"content":{"rendered":"\n<div class=\"mission-committee\">\n    <div class=\"history-section\">\n        <div class=\"history-header\">\n            <img decoding=\"async\" src=\"https:\/\/iglesiatodoslossantos.org\/en\/wp-content\/themes\/todos-los-santos-theme\/images\/LogoTLSantos.PNG\" alt=\"All Saints' Mission Logo\" class=\"history-logo\">\n            <p class=\"history-subtitle\">Dedicated leaders who guide and protect our church&#8217;s vision<\/p>\n        <\/div>\n\n        <div class=\"committee-content\">\n            <div class=\"committee-members\">\n                <div class=\"member-card\">\n                    <div class=\"member-photo\">\n                        <img decoding=\"async\" src=\"https:\/\/iglesiatodoslossantos.org\/en\/wp-content\/themes\/todos-los-santos-theme\/images\/pamela.jpg\" alt=\"Pamela Gonz\u00e1lez Robinson\" class=\"member-image\">\n                    <\/div>\n                    <div class=\"member-info\">\n                        <h3 class=\"member-name\">Pamela Gonz\u00e1lez Robinson<\/h3>\n                        <p class=\"member-role\">Senior Warden<\/p>\n                    <\/div>\n                <\/div>\n\n                <div class=\"member-card\">\n                    <div class=\"member-photo\">\n                        <img decoding=\"async\" src=\"https:\/\/iglesiatodoslossantos.org\/en\/wp-content\/themes\/todos-los-santos-theme\/images\/fabian.jpg\" alt=\"Fabian Mart\u00ednez\" class=\"member-image\">\n                    <\/div>\n                    <div class=\"member-info\">\n                        <h3 class=\"member-name\">Fabian Mart\u00ednez<\/h3>\n                        <p class=\"member-role\">Junior Warden<\/p>\n                    <\/div>\n                <\/div>\n\n                <div class=\"member-card\">\n                    <div class=\"member-photo\">\n                        <img decoding=\"async\" src=\"https:\/\/iglesiatodoslossantos.org\/en\/wp-content\/themes\/todos-los-santos-theme\/images\/carmen.jpg\" alt=\"Carm\u00edn Ivette Cruz\" class=\"member-image\">\n                    <\/div>\n                    <div class=\"member-info\">\n                        <h3 class=\"member-name\">Carm\u00edn Ivette Cruz<\/h3>\n                        <p class=\"member-role\">Treasurer<\/p>\n                    <\/div>\n                <\/div>\n\n                <div class=\"member-card\">\n                    <div class=\"member-photo\">\n                        <img decoding=\"async\" src=\"https:\/\/iglesiatodoslossantos.org\/en\/wp-content\/themes\/todos-los-santos-theme\/images\/gale.jpg\" alt=\"Gale Pearson\" class=\"member-image\">\n                    <\/div>\n                    <div class=\"member-info\">\n                        <h3 class=\"member-name\">Gale Pearson<\/h3>\n                        <p class=\"member-role\">Member<\/p>\n                    <\/div>\n                <\/div>\n\n                <div class=\"member-card\">\n                    <div class=\"member-photo\">\n                        <img decoding=\"async\" src=\"https:\/\/iglesiatodoslossantos.org\/en\/wp-content\/themes\/todos-los-santos-theme\/images\/margaret.jpg\" alt=\"Margaret Griffin\" class=\"member-image\">\n                    <\/div>\n                    <div class=\"member-info\">\n                        <h3 class=\"member-name\">Margaret Griffin<\/h3>\n                        <p class=\"member-role\">Member<\/p>\n                    <\/div>\n                <\/div>\n\n                <div class=\"member-card highlight\">\n                    <div class=\"member-photo\">\n                        <img decoding=\"async\" src=\"https:\/\/iglesiatodoslossantos.org\/en\/wp-content\/themes\/todos-los-santos-theme\/images\/luis.jpg\" alt=\"Father (Fr.) Luis Barrios\" class=\"member-image\">\n                    <\/div>\n                    <div class=\"member-info\">\n                        <h3 class=\"member-name\">Father (Fr.) Luis Barrios<\/h3>\n                        <p class=\"member-role\">Vicar<\/p>\n                    <\/div>\n                <\/div>\n            <\/div>\n\n            <div class=\"committee-responsibilities\">\n                <div class=\"responsibilities-header\">\n                    <i class=\"fas fa-bullseye\"><\/i>\n                    <h3>Function and Responsibilities<\/h3>\n                <\/div>\n                \n                <div class=\"responsibilities-content\">\n                    <p class=\"mission-statement\">The main function of the Mission Committee is to <strong>protect the stated vision of the Church<\/strong>.<\/p>\n                    \n                    <div class=\"responsibilities-list\">\n                        <div class=\"responsibility-item\">\n                            <div class=\"responsibility-icon\">\n                                <i class=\"fas fa-compass\"><\/i>\n                            <\/div>\n                            <div class=\"responsibility-text\">\n                                <h4>Define and Articulate<\/h4>\n                                <p>Help define and articulate the congregation&#8217;s mission<\/p>\n                            <\/div>\n                        <\/div>\n                        \n                        <div class=\"responsibility-item\">\n                            <div class=\"responsibility-icon\">\n                                <i class=\"fas fa-hands-helping\"><\/i>\n                            <\/div>\n                            <div class=\"responsibility-text\">\n                                <h4>Support the Mission<\/h4>\n                                <p>Support the church&#8217;s mission with words and actions<\/p>\n                            <\/div>\n                        <\/div>\n                        \n                        <div class=\"responsibility-item\">\n                            <div class=\"responsibility-icon\">\n                                <i class=\"fas fa-tasks\"><\/i>\n                            <\/div>\n                            <div class=\"responsibility-text\">\n                                <h4>Organization and Planning<\/h4>\n                                <p>Ensure effective organization and planning<\/p>\n                            <\/div>\n                        <\/div>\n                        \n                        <div class=\"responsibility-item\">\n                            <div class=\"responsibility-icon\">\n                                <i class=\"fas fa-chart-pie\"><\/i>\n                            <\/div>\n                            <div class=\"responsibility-text\">\n                                <h4>Resource Management<\/h4>\n                                <p>Manage the church&#8217;s resources and finances<\/p>\n                            <\/div>\n                        <\/div>\n                    <\/div>\n                <\/div>\n            <\/div>\n        <\/div>\n    <\/div>\n<\/div>\n\n<style>\n\/* Styles for the Mission Committee *\/\n.history-section {\n    background: white;\n    border-radius: 10px;\n    box-shadow: 0 5px 15px rgba(0,0,0,0.1);\n    overflow: hidden;\n    margin: 40px 0;\n    font-family: 'Segoe UI', Tahoma, Geneva, Verdana, sans-serif;\n}\n\n.history-header {\n    background: linear-gradient(135deg, #4a148c 0%, #6a1b9a 100%);\n    color: white;\n    padding: 40px 20px;\n    text-align: center;\n}\n\n.history-header img {\n     width: 200px;\n     height: auto;\n     max-width: 100%;\n     box-shadow: none;\n}\n\n.history-subtitle {\n    font-size: 1.2rem;\n    font-weight: 300;\n    margin-top: 20px;\n    max-width: 800px;\n    margin-left: auto;\n    margin-right: auto;\n}\n\n.mission-committee {\n    max-width: 1200px;\n    margin: 0 auto;\n}\n\n.committee-header {\n    text-align: center;\n    margin-bottom: 50px;\n}\n\n.committee-header h2 {\n    color: #4a148c;\n    font-size: 2.5rem;\n    margin-bottom: 15px;\n}\n\n.committee-header p {\n    color: #666;\n    font-size: 1.2rem;\n    max-width: 600px;\n    margin: 0 auto;\n}\n\n.committee-content {\n    display: grid;\n    grid-template-columns: 1fr 1fr;\n    gap: 40px;\n    padding: 20px;\n}\n\n.committee-members {\n    display: grid;\n    grid-template-columns: repeat(auto-fit, minmax(250px, 1fr));\n    gap: 20px;\n}\n\n.member-card {\n    background: #fff;\n    border-radius: 12px;\n    padding: 25px 20px;\n    text-align: center;\n    box-shadow: 0 5px 20px rgba(0,0,0,0.08);\n    transition: all 0.3s ease;\n    border: 2px solid transparent;\n}\n\n.member-card:hover {\n    transform: translateY(-5px);\n    box-shadow: 0 10px 30px rgba(0,0,0,0.15);\n    border-color: #f0e6ff;\n}\n\n.member-card.highlight {\n    border-color: #f8d56b;\n    background: linear-gradient(135deg, #fffaf0 0%, #fff5e6 100%);\n}\n\n.member-photo {\n    width: 100px;\n    height: 100px;\n    margin: 0 auto 15px;\n    border-radius: 50%;\n    overflow: hidden;\n    border: 4px solid #f0e6ff;\n    box-shadow: 0 5px 15px rgba(0,0,0,0.1);\n}\n\n.member-card.highlight .member-photo {\n    border-color: #f8d56b;\n}\n\n.member-image {\n    width: 100%;\n    height: 100%;\n    object-fit: cover;\n    transition: transform 0.3s ease;\n}\n\n.member-card:hover .member-image {\n    transform: scale(1.05);\n}\n\n.member-name {\n    color: #4a148c;\n    font-size: 1.2rem;\n    margin-bottom: 8px;\n    font-weight: 600;\n}\n\n.member-role {\n    color: #6a1b9a;\n    font-weight: 500;\n    margin: 0;\n    font-size: 0.95rem;\n}\n\n.committee-responsibilities {\n    background: #f9f9f9;\n    border-radius: 12px;\n    padding: 30px;\n    box-shadow: 0 5px 20px rgba(0,0,0,0.08);\n}\n\n.responsibilities-header {\n    display: flex;\n    align-items: center;\n    gap: 15px;\n    margin-bottom: 25px;\n    color: #4a148c;\n}\n\n.responsibilities-header i {\n    font-size: 2rem;\n}\n\n.responsibilities-header h3 {\n    margin: 0;\n    font-size: 1.5rem;\n}\n\n.mission-statement {\n    font-size: 1.1rem;\n    line-height: 1.6;\n    color: #333;\n    margin-bottom: 30px;\n    padding: 15px;\n    background: #fff;\n    border-radius: 8px;\n    border-left: 4px solid #4a148c;\n}\n\n.responsibilities-list {\n    display: flex;\n    flex-direction: column;\n    gap: 20px;\n}\n\n.responsibility-item {\n    display: flex;\n    align-items: flex-start;\n    gap: 15px;\n    padding: 15px;\n    background: #fff;\n    border-radius: 8px;\n    transition: all 0.3s ease;\n}\n\n.responsibility-item:hover {\n    transform: translateX(5px);\n    box-shadow: 0 5px 15px rgba(0,0,0,0.1);\n}\n\n.responsibility-icon {\n    width: 50px;\n    height: 50px;\n    min-width: 50px;\n    background: #f0e6ff;\n    border-radius: 50%;\n    display: flex;\n    align-items: center;\n    justify-content: center;\n    font-size: 1.2rem;\n    color: #4a148c;\n}\n\n.responsibility-text h4 {\n    color: #4a148c;\n    margin: 0 0 8px 0;\n    font-size: 1.1rem;\n}\n\n.responsibility-text p {\n    color: #555;\n    margin: 0;\n    line-height: 1.5;\n}\n\n\/* Responsive *\/\n@media (max-width: 968px) {\n    .committee-content {\n        grid-template-columns: 1fr;\n        gap: 30px;\n    }\n    \n    .committee-members {\n        grid-template-columns: repeat(auto-fit, minmax(200px, 1fr));\n    }\n}\n\n@media (max-width: 768px) {\n    \n    .committee-header h2 {\n        font-size: 2rem;\n    }\n    \n    .committee-header p {\n        font-size: 1.1rem;\n    }\n    \n    .committee-members {\n        grid-template-columns: 1fr;\n        gap: 15px;\n    }\n    \n    .member-card {\n        padding: 20px 15px;\n    }\n    \n    .member-photo {\n        width: 80px;\n        height: 80px;\n    }\n    \n    .committee-responsibilities {\n        padding: 20px;\n    }\n    \n    .responsibilities-header {\n        flex-direction: column;\n        text-align: center;\n        gap: 10px;\n    }\n    \n    .responsibility-item {\n        flex-direction: column;\n        text-align: center;\n        gap: 10px;\n    }\n}\n\n@media (max-width: 480px) {\n    .committee-header h2 {\n        font-size: 1.8rem;\n    }\n    \n    .member-photo {\n        width: 70px;\n        height: 70px;\n    }\n    \n    .member-name {\n        font-size: 1.1rem;\n    }\n    \n    .mission-statement {\n        font-size: 1rem;\n        padding: 12px;\n    }\n    \n    .committee-content {\n        padding: 10px;\n    }\n}\n<\/style>\n","protected":false},"excerpt":{"rendered":"<p>Dedicated leaders who guide and protect our church&#8217;s vision Pamela Gonz\u00e1lez Robinson Senior Warden Fabian Mart\u00ednez Junior Warden Carm\u00edn Ivette Cruz Treasurer Gale Pearson Member Margaret Griffin Member Father (Fr.) Luis Barrios Vicar Function and Responsibilities The main function of the Mission Committee is to protect the stated vision of the Church. Define and Articulate [&hellip;]<\/p>\n","protected":false},"author":1,"featured_media":0,"parent":0,"menu_order":0,"comment_status":"closed","ping_status":"closed","template":"","meta":{"footnotes":""},"class_list":["post-20","page","type-page","status-publish","hentry"],"post_mailing_queue_ids":[],"_links":{"self":[{"href":"https:\/\/iglesiatodoslossantos.org\/en\/wp-json\/wp\/v2\/pages\/20","targetHints":{"allow":["GET"]}}],"collection":[{"href":"https:\/\/iglesiatodoslossantos.org\/en\/wp-json\/wp\/v2\/pages"}],"about":[{"href":"https:\/\/iglesiatodoslossantos.org\/en\/wp-json\/wp\/v2\/types\/page"}],"author":[{"embeddable":true,"href":"https:\/\/iglesiatodoslossantos.org\/en\/wp-json\/wp\/v2\/users\/1"}],"replies":[{"embeddable":true,"href":"https:\/\/iglesiatodoslossantos.org\/en\/wp-json\/wp\/v2\/comments?post=20"}],"version-history":[{"count":1,"href":"https:\/\/iglesiatodoslossantos.org\/en\/wp-json\/wp\/v2\/pages\/20\/revisions"}],"predecessor-version":[{"id":21,"href":"https:\/\/iglesiatodoslossantos.org\/en\/wp-json\/wp\/v2\/pages\/20\/revisions\/21"}],"wp:attachment":[{"href":"https:\/\/iglesiatodoslossantos.org\/en\/wp-json\/wp\/v2\/media?parent=20"}],"curies":[{"name":"wp","href":"https:\/\/api.w.org\/{rel}","templated":true}]}}